{"id":156,"date":"2017-03-01T22:46:38","date_gmt":"2017-03-01T21:46:38","guid":{"rendered":"http:\/\/scheffler.com.pl\/?page_id=156"},"modified":"2017-03-07T04:57:32","modified_gmt":"2017-03-07T03:57:32","slug":"ekspertyzy","status":"publish","type":"page","link":"https:\/\/scheffler.com.pl\/index.php\/ekspertyzy\/","title":{"rendered":"Ekspertyzy"},"content":{"rendered":"<p>Wykonujemy ekspertyzy budowlane dla cel\u00f3w remontowych i modernizacji budynk\u00f3w w zakresie opracowywanych projekt\u00f3w budowlanych, a tak\u017ce niezale\u017cne oceny techniczne obiekt\u00f3w istniej\u0105cych i ich uszkodze\u0144 , wraz z wytycznymi remontowo-naprawczymi.<\/p>\n<p>Zakres opracowa\u0144 :<\/p>\n<p>\u2022 wykonywanie oceny technicznej w zakresie uszkodze\u0144, korozji i ubytk\u00f3w , oraz wskazanie ich przyczyn<br \/>\n\u2022 opracowywanie projekt\u00f3w wykonawczych ich napraw i zabezpiecze\u0144<\/p>\n<p><img loading=\"lazy\" decoding=\"async\" class=\"aligncenter wp-image-170\" src=\"http:\/\/scheffler.com.pl\/wp-content\/uploads\/2017\/03\/gauge-2087425_1920-1024x683.jpg\" width=\"800\" height=\"533\" srcset=\"https:\/\/scheffler.com.pl\/wp-content\/uploads\/2017\/03\/gauge-2087425_1920-1024x683.jpg 1024w, https:\/\/scheffler.com.pl\/wp-content\/uploads\/2017\/03\/gauge-2087425_1920-300x200.jpg 300w, https:\/\/scheffler.com.pl\/wp-content\/uploads\/2017\/03\/gauge-2087425_1920-768x512.jpg 768w, https:\/\/scheffler.com.pl\/wp-content\/uploads\/2017\/03\/gauge-2087425_1920-830x553.jpg 830w, https:\/\/scheffler.com.pl\/wp-content\/uploads\/2017\/03\/gauge-2087425_1920-230x153.jpg 230w, https:\/\/scheffler.com.pl\/wp-content\/uploads\/2017\/03\/gauge-2087425_1920-350x233.jpg 350w, https:\/\/scheffler.com.pl\/wp-content\/uploads\/2017\/03\/gauge-2087425_1920-480x320.jpg 480w, https:\/\/scheffler.com.pl\/wp-content\/uploads\/2017\/03\/gauge-2087425_1920.jpg 1920w\" sizes=\"auto, (max-width: 800px) 100vw, 800px\" \/><\/p>\n","protected":false},"excerpt":{"rendered":"<p>Wykonujemy ekspertyzy budowlane dla cel\u00f3w remontowych i modernizacji budynk\u00f3w w zakresie opracowywanych projekt\u00f3w budowlanych, a tak\u017ce niezale\u017cne oceny techniczne obiekt\u00f3w istniej\u0105cych i ich uszkodze\u0144 , wraz z wytycznymi remontowo-naprawczymi. Zakres opracowa\u0144 : \u2022 wykonywanie oceny technicznej w zakresie uszkodze\u0144, korozji i ubytk\u00f3w , oraz wskazanie ich przyczyn \u2022 opracowywanie projekt\u00f3w wykonawczych ich napraw i zabezpiecze\u0144<\/p>\n","protected":false},"author":1,"featured_media":0,"parent":0,"menu_order":0,"comment_status":"closed","ping_status":"closed","template":"","meta":{"ngg_post_thumbnail":0,"footnotes":""},"class_list":["post-156","page","type-page","status-publish","hentry"],"_links":{"self":[{"href":"https:\/\/scheffler.com.pl\/index.php\/wp-json\/wp\/v2\/pages\/156","targetHints":{"allow":["GET"]}}],"collection":[{"href":"https:\/\/scheffler.com.pl\/index.php\/wp-json\/wp\/v2\/pages"}],"about":[{"href":"https:\/\/scheffler.com.pl\/index.php\/wp-json\/wp\/v2\/types\/page"}],"author":[{"embeddable":true,"href":"https:\/\/scheffler.com.pl\/index.php\/wp-json\/wp\/v2\/users\/1"}],"replies":[{"embeddable":true,"href":"https:\/\/scheffler.com.pl\/index.php\/wp-json\/wp\/v2\/comments?post=156"}],"version-history":[{"count":3,"href":"https:\/\/scheffler.com.pl\/index.php\/wp-json\/wp\/v2\/pages\/156\/revisions"}],"predecessor-version":[{"id":175,"href":"https:\/\/scheffler.com.pl\/index.php\/wp-json\/wp\/v2\/pages\/156\/revisions\/175"}],"wp:attachment":[{"href":"https:\/\/scheffler.com.pl\/index.php\/wp-json\/wp\/v2\/media?parent=156"}],"curies":[{"name":"wp","href":"https:\/\/api.w.org\/{rel}","templated":true}]}}