{"id":4,"date":"2017-01-16T21:22:30","date_gmt":"2017-01-16T20:22:30","guid":{"rendered":"http:\/\/scheffler.com.pl\/word\/?page_id=4"},"modified":"2017-03-07T05:00:22","modified_gmt":"2017-03-07T04:00:22","slug":"strona-glowna","status":"publish","type":"page","link":"https:\/\/scheffler.com.pl\/","title":{"rendered":"Kilka s\u0142\u00f3w o nas"},"content":{"rendered":"<p>BIURO PROJEKTOWE FUNKCJONUJE NIEPRZERWANIE OD 1991 R<\/p>\n<p>Nasze biuro projektowe specjalizuje si\u0119 w sporz\u0105dzaniem kompletnej dokumentacji technicznej w bran\u017cy konstrukcyjnej: konstrukcje budowlane i in\u017cynierskie. Opracowujemy tak\u017ce projekty wielobran\u017cowe we wsp\u00f3\u0142pracy z projektantami bran\u017cystami w zakresie architektury, instalacji sanitarnych, instalacji elektrycznych , oraz bran\u017cy drogowej.<\/p>\n<p>Opracowania wykonujemy w zakresie:<\/p>\n<p>\u2022 OBIEKTY MIESZKALNE JEDNO I WIELORODZINNE<br \/>\n\u2022 OBIEKTY BIUROWE PRODUKCYJNE I SOCJALNE<br \/>\n\u2022 OBIEKTY HANDLOWE , US\u0141UGOWE W TYM STACJE PALIW<br \/>\n\u2022 OBIEKTY U\u017bYTECZNO\u015aCI PUBLICZNEJ DLA S\u0141U\u017bBY ZDROWIA , O\u015aWIATY I SPORTU<br \/>\n\u2022 HALE WIEKOPOWIERZCHNIOWE &#8211; MAGAZYNOWE, PRODUKCYJNE<\/p>\n<p>Wykonujemy opracowania projektowe we wszystkich stadiach: koncepcje, projekty budowlane i wykonawcze, dokumentacja warsztatowa i powykonawcza. Podejmiemy si\u0119 wykonania ka\u017cdego zadania in\u017cynierskiego, niezale\u017cnie od jego skomplikowania.<\/p>\n<p>Od lat z sukcesami wsp\u00f3\u0142pracujemy z wieloma wiod\u0105cymi i znanymi w Tarnowie biurami architektonicznymi. Podejmujemy si\u0119 r\u00f3wnie\u017c opracowywania projekt\u00f3w bran\u017cy konstrukcyjnej zlecanych przez biura architektoniczne z ca\u0142ej Polski . Projektujemy w standardzie CAD, obliczenia statyczno-wytrzyma\u0142o\u015bciowe z wykorzystaniem program\u00f3w ROBOT.<\/p>\n<p><img loading=\"lazy\" decoding=\"async\" class=\"aligncenter size-large wp-image-171\" src=\"http:\/\/scheffler.com.pl\/wp-content\/uploads\/2017\/03\/construction-1921518_1920-1024x683.jpg\" alt=\"\" width=\"1024\" height=\"683\" srcset=\"https:\/\/scheffler.com.pl\/wp-content\/uploads\/2017\/03\/construction-1921518_1920-1024x683.jpg 1024w, https:\/\/scheffler.com.pl\/wp-content\/uploads\/2017\/03\/construction-1921518_1920-300x200.jpg 300w, https:\/\/scheffler.com.pl\/wp-content\/uploads\/2017\/03\/construction-1921518_1920-768x512.jpg 768w, https:\/\/scheffler.com.pl\/wp-content\/uploads\/2017\/03\/construction-1921518_1920-830x553.jpg 830w, https:\/\/scheffler.com.pl\/wp-content\/uploads\/2017\/03\/construction-1921518_1920-230x153.jpg 230w, https:\/\/scheffler.com.pl\/wp-content\/uploads\/2017\/03\/construction-1921518_1920-350x233.jpg 350w, https:\/\/scheffler.com.pl\/wp-content\/uploads\/2017\/03\/construction-1921518_1920-480x320.jpg 480w, https:\/\/scheffler.com.pl\/wp-content\/uploads\/2017\/03\/construction-1921518_1920.jpg 1920w\" sizes=\"auto, (max-width: 1024px) 100vw, 1024px\" \/><\/p>\n","protected":false},"excerpt":{"rendered":"<p>BIURO PROJEKTOWE FUNKCJONUJE NIEPRZERWANIE OD 1991 R Nasze biuro projektowe specjalizuje si\u0119 w sporz\u0105dzaniem kompletnej dokumentacji technicznej w bran\u017cy konstrukcyjnej: konstrukcje budowlane i in\u017cynierskie. Opracowujemy tak\u017ce projekty wielobran\u017cowe we wsp\u00f3\u0142pracy z projektantami bran\u017cystami w zakresie architektury, instalacji sanitarnych, instalacji elektrycznych , oraz bran\u017cy drogowej. Opracowania wykonujemy w zakresie: \u2022 OBIEKTY MIESZKALNE JEDNO I WIELORODZINNE \u2022 [&hellip;]<\/p>\n","protected":false},"author":1,"featured_media":0,"parent":0,"menu_order":0,"comment_status":"closed","ping_status":"closed","template":"","meta":{"ngg_post_thumbnail":0,"footnotes":""},"class_list":["post-4","page","type-page","status-publish","hentry"],"_links":{"self":[{"href":"https:\/\/scheffler.com.pl\/index.php\/wp-json\/wp\/v2\/pages\/4","targetHints":{"allow":["GET"]}}],"collection":[{"href":"https:\/\/scheffler.com.pl\/index.php\/wp-json\/wp\/v2\/pages"}],"about":[{"href":"https:\/\/scheffler.com.pl\/index.php\/wp-json\/wp\/v2\/types\/page"}],"author":[{"embeddable":true,"href":"https:\/\/scheffler.com.pl\/index.php\/wp-json\/wp\/v2\/users\/1"}],"replies":[{"embeddable":true,"href":"https:\/\/scheffler.com.pl\/index.php\/wp-json\/wp\/v2\/comments?post=4"}],"version-history":[{"count":5,"href":"https:\/\/scheffler.com.pl\/index.php\/wp-json\/wp\/v2\/pages\/4\/revisions"}],"predecessor-version":[{"id":176,"href":"https:\/\/scheffler.com.pl\/index.php\/wp-json\/wp\/v2\/pages\/4\/revisions\/176"}],"wp:attachment":[{"href":"https:\/\/scheffler.com.pl\/index.php\/wp-json\/wp\/v2\/media?parent=4"}],"curies":[{"name":"wp","href":"https:\/\/api.w.org\/{rel}","templated":true}]}}